{"id":8805,"date":"2021-08-22T15:02:22","date_gmt":"2021-08-22T15:02:22","guid":{"rendered":"https:\/\/tuti.studiofiftysix.co\/about-us\/"},"modified":"2024-09-19T12:28:59","modified_gmt":"2024-09-19T12:28:59","slug":"hakkimizda","status":"publish","type":"page","link":"https:\/\/tutirestaurant.com\/tr\/hakkimizda\/","title":{"rendered":"Hakk\u0131m\u0131zda"},"content":{"rendered":"\t\t<div data-elementor-type=\"wp-page\" data-elementor-id=\"8805\" class=\"elementor elementor-8805 elementor-1636\">\n\t\t\t\t\t\t<section class=\"elementor-section elementor-top-section elementor-element elementor-element-b5194ba elementor-hidden-mobile_extra elementor-hidden-mobile elementor-section-boxed elementor-section-height-default elementor-section-height-default e-parent\" data-id=\"b5194ba\" data-element_type=\"section\" data-settings=\"{&quot;background_background&quot;:&quot;classic&quot;}\">\n\t\t\t\t\t\t<div class=\"elementor-container elementor-column-gap-default\">\n\t\t\t\t\t<div class=\"elementor-column elementor-col-100 elementor-top-column elementor-element elementor-element-ac057ef lakit-col-width-auto-no\" data-id=\"ac057ef\" data-element_type=\"column\">\n\t\t\t<div class=\"elementor-widget-wrap elementor-element-populated\">\n\t\t\t\t\t\t<section class=\"elementor-section elementor-inner-section elementor-element elementor-element-d423d19 elementor-section-content-middle elementor-section-boxed elementor-section-height-default elementor-section-height-default\" data-id=\"d423d19\" data-element_type=\"section\">\n\t\t\t\t\t\t<div class=\"elementor-container elementor-column-gap-default\">\n\t\t\t\t\t<div class=\"elementor-column elementor-col-50 elementor-inner-column elementor-element elementor-element-4e8d586 lakit-col-width-auto-no\" data-id=\"4e8d586\" data-element_type=\"column\">\n\t\t\t<div class=\"elementor-widget-wrap elementor-element-populated\">\n\t\t\t\t\t\t<div class=\"elementor-element elementor-element-98a992d elementor-widget elementor-widget-image\" data-id=\"98a992d\" data-element_type=\"widget\" data-widget_type=\"image.default\">\n\t\t\t\t<div class=\"elementor-widget-container\">\n\t\t\t\t\t\t\t\t\t\t\t\t\t<img fetchpriority=\"high\" decoding=\"async\" width=\"2000\" height=\"2000\" src=\"https:\/\/tutirestaurant.com\/wp-content\/uploads\/2024\/07\/about-3.jpg\" class=\"attachment-full size-full wp-image-8795\" alt=\"\" srcset=\"https:\/\/tutirestaurant.com\/wp-content\/uploads\/2024\/07\/about-3.jpg 2000w, https:\/\/tutirestaurant.com\/wp-content\/uploads\/2024\/07\/about-3-300x300.jpg 300w, https:\/\/tutirestaurant.com\/wp-content\/uploads\/2024\/07\/about-3-1024x1024.jpg 1024w, https:\/\/tutirestaurant.com\/wp-content\/uploads\/2024\/07\/about-3-150x150.jpg 150w, https:\/\/tutirestaurant.com\/wp-content\/uploads\/2024\/07\/about-3-768x768.jpg 768w, https:\/\/tutirestaurant.com\/wp-content\/uploads\/2024\/07\/about-3-1536x1536.jpg 1536w\" sizes=\"(max-width: 2000px) 100vw, 2000px\" \/>\t\t\t\t\t\t\t\t\t\t\t\t\t<\/div>\n\t\t\t\t<\/div>\n\t\t\t\t\t<\/div>\n\t\t<\/div>\n\t\t\t\t<div class=\"elementor-column elementor-col-50 elementor-inner-column elementor-element elementor-element-09e3e3b lakit-col-width-auto-no\" data-id=\"09e3e3b\" data-element_type=\"column\" data-settings=\"{&quot;background_background&quot;:&quot;classic&quot;}\">\n\t\t\t<div class=\"elementor-widget-wrap elementor-element-populated\">\n\t\t\t\t\t\t<div class=\"elementor-element elementor-element-b1f1984 elementor-widget elementor-widget-kababi_elementor_heading\" data-id=\"b1f1984\" data-element_type=\"widget\" data-widget_type=\"kababi_elementor_heading.default\">\n\t\t\t\t<div class=\"elementor-widget-container\">\n\t\t\t\t\t<div class=\"ova-heading\">\n\n\t\t\t<h2 class=\"title title-capitalize\">\n\n\t\t\t\tTuti\n\t\t\t<\/h2>\n\n\t\t\t\t\t\t\n\t\t\t\t\t\t\t\t<p class=\"description\">The Marmara Bodrum, 2024 Michelin tavsiye listesinde yer alan Tuti Restoran ile misafirlerine lezzet \u015f\u00f6leni ya\u015fat\u0131yor.<\/p>\n\t\t\t\t\t \t\n\t    <\/div>\n\t\t\t\t<\/div>\n\t\t\t\t<\/div>\n\t\t\t\t<div class=\"elementor-element elementor-element-7b7ac18 elementor-widget elementor-widget-kababi_elementor_heading\" data-id=\"7b7ac18\" data-element_type=\"widget\" data-widget_type=\"kababi_elementor_heading.default\">\n\t\t\t\t<div class=\"elementor-widget-container\">\n\t\t\t\t\t<div class=\"ova-heading\">\n\n\t\t\t<h2 class=\"title title-capitalize\">\n\n\t\t\t\t\n\t\t\t<\/h2>\n\n\t\t\t\t\t\t\n\t\t\t\t\t\t\t\t<p class=\"description\">Executive \u015eef Hakan S\u00fcve ve mutfak ekibinin \u00f6nderli\u011findeki Tuti, narenciye ve zeytin a\u011fa\u00e7lar\u0131n\u0131, denizin mavisini, mandalinan\u0131n turuncusunu, Bodrum\u2019un beyazl\u0131\u011f\u0131n\u0131 bir araya getiren tabaklarla bu renkli ve s\u0131cak b\u00f6lgenin yans\u0131mas\u0131 haline geliyor.<\/p>\n\t\t\t\t\t \t\n\t    <\/div>\n\t\t\t\t<\/div>\n\t\t\t\t<\/div>\n\t\t\t\t\t<\/div>\n\t\t<\/div>\n\t\t\t\t\t<\/div>\n\t\t<\/section>\n\t\t\t\t\t<\/div>\n\t\t<\/div>\n\t\t\t\t\t<\/div>\n\t\t<\/section>\n\t\t\t\t<section class=\"elementor-section elementor-top-section elementor-element elementor-element-987e3b3 elementor-hidden-desktop elementor-hidden-laptop elementor-hidden-tablet elementor-section-boxed elementor-section-height-default elementor-section-height-default e-parent\" data-id=\"987e3b3\" data-element_type=\"section\" data-settings=\"{&quot;background_background&quot;:&quot;classic&quot;}\">\n\t\t\t\t\t\t<div class=\"elementor-container elementor-column-gap-default\">\n\t\t\t\t\t<div class=\"elementor-column elementor-col-100 elementor-top-column elementor-element elementor-element-908b4fa lakit-col-width-auto-no\" data-id=\"908b4fa\" data-element_type=\"column\">\n\t\t\t<div class=\"elementor-widget-wrap elementor-element-populated\">\n\t\t\t\t\t\t<section class=\"elementor-section elementor-inner-section elementor-element elementor-element-cdbaaf8 elementor-section-boxed elementor-section-height-default elementor-section-height-default\" data-id=\"cdbaaf8\" data-element_type=\"section\">\n\t\t\t\t\t\t<div class=\"elementor-container elementor-column-gap-default\">\n\t\t\t\t\t<div class=\"elementor-column elementor-col-50 elementor-inner-column elementor-element elementor-element-2d6726e lakit-col-width-auto-no\" data-id=\"2d6726e\" data-element_type=\"column\" data-settings=\"{&quot;background_background&quot;:&quot;classic&quot;}\">\n\t\t\t<div class=\"elementor-widget-wrap elementor-element-populated\">\n\t\t\t\t\t\t<div class=\"elementor-element elementor-element-6e9ba91 elementor-widget elementor-widget-kababi_elementor_heading\" data-id=\"6e9ba91\" data-element_type=\"widget\" data-widget_type=\"kababi_elementor_heading.default\">\n\t\t\t\t<div class=\"elementor-widget-container\">\n\t\t\t\t\t<div class=\"ova-heading\">\n\n\t\t\t<h2 class=\"title title-capitalize\">\n\n\t\t\t\tTuti\n\t\t\t<\/h2>\n\n\t\t\t\t\t\t\n\t\t\t\t\t\t\t\t<p class=\"description\">The Marmara Bodrum, 2024 Michelin tavsiye listesinde yer alan Tuti Restoran ile misafirlerine lezzet \u015f\u00f6leni ya\u015fat\u0131yor.<\/p>\n\t\t\t\t\t \t\n\t    <\/div>\n\t\t\t\t<\/div>\n\t\t\t\t<\/div>\n\t\t\t\t<div class=\"elementor-element elementor-element-da01253 elementor-widget elementor-widget-kababi_elementor_heading\" data-id=\"da01253\" data-element_type=\"widget\" data-widget_type=\"kababi_elementor_heading.default\">\n\t\t\t\t<div class=\"elementor-widget-container\">\n\t\t\t\t\t<div class=\"ova-heading\">\n\n\t\t\t<h2 class=\"title title-capitalize\">\n\n\t\t\t\t\n\t\t\t<\/h2>\n\n\t\t\t\t\t\t\n\t\t\t\t\t\t\t\t<p class=\"description\">Executive \u015eef Hakan S\u00fcve ve mutfak ekibinin \u00f6nderli\u011findeki Tuti, narenciye ve zeytin a\u011fa\u00e7lar\u0131n\u0131, denizin mavisini, mandalinan\u0131n turuncusunu, Bodrum\u2019un beyazl\u0131\u011f\u0131n\u0131 bir araya getiren tabaklarla bu renkli ve s\u0131cak b\u00f6lgenin yans\u0131mas\u0131 haline geliyor.<\/p>\n\t\t\t\t\t \t\n\t    <\/div>\n\t\t\t\t<\/div>\n\t\t\t\t<\/div>\n\t\t\t\t\t<\/div>\n\t\t<\/div>\n\t\t\t\t<div class=\"elementor-column elementor-col-50 elementor-inner-column elementor-element elementor-element-c2e9bce lakit-col-width-auto-no\" data-id=\"c2e9bce\" data-element_type=\"column\">\n\t\t\t<div class=\"elementor-widget-wrap elementor-element-populated\">\n\t\t\t\t\t\t<div class=\"elementor-element elementor-element-af54a56 elementor-widget elementor-widget-image\" data-id=\"af54a56\" data-element_type=\"widget\" data-widget_type=\"image.default\">\n\t\t\t\t<div class=\"elementor-widget-container\">\n\t\t\t\t\t\t\t\t\t\t\t\t\t<img fetchpriority=\"high\" decoding=\"async\" width=\"2000\" height=\"2000\" src=\"https:\/\/tutirestaurant.com\/wp-content\/uploads\/2024\/07\/about-3.jpg\" class=\"attachment-full size-full wp-image-8795\" alt=\"\" srcset=\"https:\/\/tutirestaurant.com\/wp-content\/uploads\/2024\/07\/about-3.jpg 2000w, https:\/\/tutirestaurant.com\/wp-content\/uploads\/2024\/07\/about-3-300x300.jpg 300w, https:\/\/tutirestaurant.com\/wp-content\/uploads\/2024\/07\/about-3-1024x1024.jpg 1024w, https:\/\/tutirestaurant.com\/wp-content\/uploads\/2024\/07\/about-3-150x150.jpg 150w, https:\/\/tutirestaurant.com\/wp-content\/uploads\/2024\/07\/about-3-768x768.jpg 768w, https:\/\/tutirestaurant.com\/wp-content\/uploads\/2024\/07\/about-3-1536x1536.jpg 1536w\" sizes=\"(max-width: 2000px) 100vw, 2000px\" \/>\t\t\t\t\t\t\t\t\t\t\t\t\t<\/div>\n\t\t\t\t<\/div>\n\t\t\t\t\t<\/div>\n\t\t<\/div>\n\t\t\t\t\t<\/div>\n\t\t<\/section>\n\t\t\t\t\t<\/div>\n\t\t<\/div>\n\t\t\t\t\t<\/div>\n\t\t<\/section>\n\t\t\t\t<section class=\"elementor-section elementor-top-section elementor-element elementor-element-e166286 elementor-section-full_width elementor-section-height-default elementor-section-height-default e-parent\" data-id=\"e166286\" data-element_type=\"section\" data-settings=\"{&quot;background_background&quot;:&quot;classic&quot;}\">\n\t\t\t\t\t\t<div class=\"elementor-container elementor-column-gap-default\">\n\t\t\t\t\t<div class=\"elementor-column elementor-col-100 elementor-top-column elementor-element elementor-element-040c9d9 lakit-col-width-auto-no\" data-id=\"040c9d9\" data-element_type=\"column\">\n\t\t\t<div class=\"elementor-widget-wrap elementor-element-populated\">\n\t\t\t\t\t\t<div class=\"elementor-element elementor-element-e87e23c elementor-widget-divider--view-line elementor-widget elementor-widget-divider\" data-id=\"e87e23c\" data-element_type=\"widget\" data-widget_type=\"divider.default\">\n\t\t\t\t<div class=\"elementor-widget-container\">\n\t\t\t\t\t<div class=\"elementor-divider\">\n\t\t\t<span class=\"elementor-divider-separator\">\n\t\t\t\t\t\t<\/span>\n\t\t<\/div>\n\t\t\t\t<\/div>\n\t\t\t\t<\/div>\n\t\t\t\t<section class=\"elementor-section elementor-inner-section elementor-element elementor-element-ccee5f4 elementor-section-content-middle elementor-section-boxed elementor-section-height-default elementor-section-height-default\" data-id=\"ccee5f4\" data-element_type=\"section\">\n\t\t\t\t\t\t<div class=\"elementor-container elementor-column-gap-default\">\n\t\t\t\t\t<div class=\"elementor-column elementor-col-50 elementor-inner-column elementor-element elementor-element-a548062 lakit-col-width-auto-no\" data-id=\"a548062\" data-element_type=\"column\" data-settings=\"{&quot;background_background&quot;:&quot;classic&quot;}\">\n\t\t\t<div class=\"elementor-widget-wrap elementor-element-populated\">\n\t\t\t\t\t\t<div class=\"elementor-element elementor-element-54c74ea elementor-widget elementor-widget-kababi_elementor_heading\" data-id=\"54c74ea\" data-element_type=\"widget\" data-widget_type=\"kababi_elementor_heading.default\">\n\t\t\t\t<div class=\"elementor-widget-container\">\n\t\t\t\t\t<div class=\"ova-heading\">\n\n\t\t\t<h2 class=\"title title-capitalize\">\n\n\t\t\t\t\n\t\t\t<\/h2>\n\n\t\t\t\t\t\t\n\t\t\t\t\t\t\t\t<p class=\"description\">Ege ve Akdeniz\u2019in sofras\u0131 Tuti, Bodrum&#039;un yerel mutfa\u011f\u0131ndan izler ta\u015f\u0131yor ve b\u00f6lge bah\u00e7elerinden g\u00fcnl\u00fck, taze ve do\u011fal \u00fcr\u00fcnler kullan\u0131yor.<\/p>\n\t\t\t\t\t \t\n\t    <\/div>\n\t\t\t\t<\/div>\n\t\t\t\t<\/div>\n\t\t\t\t<div class=\"elementor-element elementor-element-ad2e3a8 elementor-widget elementor-widget-kababi_elementor_heading\" data-id=\"ad2e3a8\" data-element_type=\"widget\" data-widget_type=\"kababi_elementor_heading.default\">\n\t\t\t\t<div class=\"elementor-widget-container\">\n\t\t\t\t\t<div class=\"ova-heading\">\n\n\t\t\t<h2 class=\"title title-capitalize\">\n\n\t\t\t\t\n\t\t\t<\/h2>\n\n\t\t\t\t\t\t\n\t\t\t\t\t\t\t\t<p class=\"description\">Ak\u015fam yemeklerinde Ege&#039;nin uzman \u015fefler taraf\u0131ndan \u00f6zenle haz\u0131rlanan enfes lezzetlerini The Marmara Bodrum Tuti Restoran&#039;da tad\u0131n. Art\u0131k Michelin Tavsiye Listesi&#039;nde yer alan bu mutfak harikas\u0131, birinci s\u0131n\u0131f hizmeti ve teras\u0131nda unutulmaz bir yemek deneyimini garanti ediyor.<\/p>\n\t\t\t\t\t \t\n\t    <\/div>\n\t\t\t\t<\/div>\n\t\t\t\t<\/div>\n\t\t\t\t\t<\/div>\n\t\t<\/div>\n\t\t\t\t<div class=\"elementor-column elementor-col-50 elementor-inner-column elementor-element elementor-element-7441957 lakit-col-width-auto-no\" data-id=\"7441957\" data-element_type=\"column\">\n\t\t\t<div class=\"elementor-widget-wrap elementor-element-populated\">\n\t\t\t\t\t\t<div class=\"elementor-element elementor-element-c13d6af elementor-widget elementor-widget-image\" data-id=\"c13d6af\" data-element_type=\"widget\" data-widget_type=\"image.default\">\n\t\t\t\t<div class=\"elementor-widget-container\">\n\t\t\t\t\t\t\t\t\t\t\t\t\t<img decoding=\"async\" width=\"2000\" height=\"2000\" src=\"https:\/\/tutirestaurant.com\/wp-content\/uploads\/2024\/07\/about-2.jpg\" class=\"attachment-full size-full wp-image-8794\" alt=\"\" srcset=\"https:\/\/tutirestaurant.com\/wp-content\/uploads\/2024\/07\/about-2.jpg 2000w, https:\/\/tutirestaurant.com\/wp-content\/uploads\/2024\/07\/about-2-300x300.jpg 300w, https:\/\/tutirestaurant.com\/wp-content\/uploads\/2024\/07\/about-2-1024x1024.jpg 1024w, https:\/\/tutirestaurant.com\/wp-content\/uploads\/2024\/07\/about-2-150x150.jpg 150w, https:\/\/tutirestaurant.com\/wp-content\/uploads\/2024\/07\/about-2-768x768.jpg 768w, https:\/\/tutirestaurant.com\/wp-content\/uploads\/2024\/07\/about-2-1536x1536.jpg 1536w\" sizes=\"(max-width: 2000px) 100vw, 2000px\" \/>\t\t\t\t\t\t\t\t\t\t\t\t\t<\/div>\n\t\t\t\t<\/div>\n\t\t\t\t\t<\/div>\n\t\t<\/div>\n\t\t\t\t\t<\/div>\n\t\t<\/section>\n\t\t\t\t\t<\/div>\n\t\t<\/div>\n\t\t\t\t\t<\/div>\n\t\t<\/section>\n\t\t\t\t<\/div>\n\t\t","protected":false},"excerpt":{"rendered":"<p>Tuti The Marmara Bodrum, 2024 Michelin tavsiye listesinde yer alan Tuti Restoran ile misafirlerine lezzet \u015f\u00f6leni ya\u015fat\u0131yor. Executive \u015eef Hakan S\u00fcve ve mutfak ekibinin \u00f6nderli\u011findeki Tuti, narenciye ve zeytin a\u011fa\u00e7lar\u0131n\u0131, denizin mavisini, mandalinan\u0131n turuncusunu, Bodrum\u2019un beyazl\u0131\u011f\u0131n\u0131 bir araya getiren tabaklarla bu renkli ve s\u0131cak b\u00f6lgenin yans\u0131mas\u0131 haline geliyor. Tuti The Marmara Bodrum, 2024 Michelin tavsiye [&hellip;]<\/p>\n","protected":false},"author":1,"featured_media":0,"parent":0,"menu_order":0,"comment_status":"closed","ping_status":"closed","template":"elementor_header_footer","meta":{"footnotes":""},"class_list":["post-8805","page","type-page","status-publish","hentry"],"aioseo_notices":[],"_links":{"self":[{"href":"https:\/\/tutirestaurant.com\/tr\/wp-json\/wp\/v2\/pages\/8805","targetHints":{"allow":["GET"]}}],"collection":[{"href":"https:\/\/tutirestaurant.com\/tr\/wp-json\/wp\/v2\/pages"}],"about":[{"href":"https:\/\/tutirestaurant.com\/tr\/wp-json\/wp\/v2\/types\/page"}],"author":[{"embeddable":true,"href":"https:\/\/tutirestaurant.com\/tr\/wp-json\/wp\/v2\/users\/1"}],"replies":[{"embeddable":true,"href":"https:\/\/tutirestaurant.com\/tr\/wp-json\/wp\/v2\/comments?post=8805"}],"version-history":[{"count":10,"href":"https:\/\/tutirestaurant.com\/tr\/wp-json\/wp\/v2\/pages\/8805\/revisions"}],"predecessor-version":[{"id":9442,"href":"https:\/\/tutirestaurant.com\/tr\/wp-json\/wp\/v2\/pages\/8805\/revisions\/9442"}],"wp:attachment":[{"href":"https:\/\/tutirestaurant.com\/tr\/wp-json\/wp\/v2\/media?parent=8805"}],"curies":[{"name":"wp","href":"https:\/\/api.w.org\/{rel}","templated":true}]}}