{"id":8806,"date":"2021-08-22T15:05:46","date_gmt":"2021-08-22T15:05:46","guid":{"rendered":"https:\/\/tuti.studiofiftysix.co\/contact\/"},"modified":"2025-02-13T12:40:20","modified_gmt":"2025-02-13T12:40:20","slug":"iletisim","status":"publish","type":"page","link":"https:\/\/tutirestaurant.com\/tr\/iletisim\/","title":{"rendered":"\u0130leti\u015fim"},"content":{"rendered":"\t\t<div data-elementor-type=\"wp-page\" data-elementor-id=\"8806\" class=\"elementor elementor-8806 elementor-1642\">\n\t\t\t\t<div class=\"elementor-element elementor-element-bf64e97 e-flex e-con-boxed lakit-col-width-auto-no e-container e-root-container elementor-top-section e-con e-parent\" data-id=\"bf64e97\" data-element_type=\"container\" id=\"contact\">\n\t\t\t\t\t<div class=\"e-con-inner\">\n\t\t<div class=\"elementor-element elementor-element-91d7441 e-con-full e-flex lakit-col-width-auto-no e-container e-con e-child\" data-id=\"91d7441\" data-element_type=\"container\">\n\t\t\t\t<div class=\"elementor-element elementor-element-ad3f4f7 elementor-widget elementor-widget-heading\" data-id=\"ad3f4f7\" data-element_type=\"widget\" data-widget_type=\"heading.default\">\n\t\t\t\t<div class=\"elementor-widget-container\">\n\t\t\t<h2 class=\"elementor-heading-title elementor-size-default\">B\u0130ZE ULA\u015eIN<\/h2>\t\t<\/div>\n\t\t\t\t<\/div>\n\t\t\t\t<div class=\"elementor-element elementor-element-c1464f9 elementor-widget elementor-widget-text-editor\" data-id=\"c1464f9\" data-element_type=\"widget\" data-widget_type=\"text-editor.default\">\n\t\t\t\t<div class=\"elementor-widget-container\">\n\t\t\t\t\t\t\t<p>Yokusbasi Mah. Suluhasan Cad. No: 18, Bodrum City, T\u00fcrkiye<\/p><p>Telefon: <a href=\"tel:+905317249424\">+90 531 724 94 24<\/a><\/p><p>E-Posta Adresi: <a href=\"mailto:tutibodrum@themarmarahotels.com\">tutibodrum@themarmarahotels.com<\/a><\/p>\t\t\t\t\t\t<\/div>\n\t\t\t\t<\/div>\n\t\t\t\t<\/div>\n\t\t<div class=\"elementor-element elementor-element-5de1baa e-con-full e-flex lakit-col-width-auto-no e-container e-con e-child\" data-id=\"5de1baa\" data-element_type=\"container\">\n\t\t\t\t<div class=\"elementor-element elementor-element-6ae35ab elementor-widget elementor-widget-heading\" data-id=\"6ae35ab\" data-element_type=\"widget\" data-widget_type=\"heading.default\">\n\t\t\t\t<div class=\"elementor-widget-container\">\n\t\t\t<h2 class=\"elementor-heading-title elementor-size-default\">\u00c7ALI\u015eMA SAATLER\u0130<\/h2>\t\t<\/div>\n\t\t\t\t<\/div>\n\t\t\t\t<div class=\"elementor-element elementor-element-af65a57 elementor-widget elementor-widget-text-editor\" data-id=\"af65a57\" data-element_type=\"widget\" data-widget_type=\"text-editor.default\">\n\t\t\t\t<div class=\"elementor-widget-container\">\n\t\t\t\t\t\t\t<p>19:00 \u2013 23:00<\/p>\t\t\t\t\t\t<\/div>\n\t\t\t\t<\/div>\n\t\t\t\t<\/div>\n\t\t<div class=\"elementor-element elementor-element-72bdb2c e-con-full e-flex lakit-col-width-auto-no e-container e-con e-child\" data-id=\"72bdb2c\" data-element_type=\"container\">\n\t\t\t\t<div class=\"elementor-element elementor-element-a3d10b2 elementor-widget elementor-widget-heading\" data-id=\"a3d10b2\" data-element_type=\"widget\" data-widget_type=\"heading.default\">\n\t\t\t\t<div class=\"elementor-widget-container\">\n\t\t\t<h2 class=\"elementor-heading-title elementor-size-default\">REZERVASYON<\/h2>\t\t<\/div>\n\t\t\t\t<\/div>\n\t\t\t\t<div class=\"elementor-element elementor-element-0624b12 elementor-widget elementor-widget-text-editor\" data-id=\"0624b12\" data-element_type=\"widget\" data-widget_type=\"text-editor.default\">\n\t\t\t\t<div class=\"elementor-widget-container\">\n\t\t\t\t\t\t\t<p><a href=\"tel:+905317249424\">+90 531 724 94 24<\/a><\/p>\t\t\t\t\t\t<\/div>\n\t\t\t\t<\/div>\n\t\t\t\t<\/div>\n\t\t\t\t\t<\/div>\n\t\t\t\t<\/div>\n\t\t<div class=\"elementor-element elementor-element-7b78998 e-con-full animated-slow e-flex lakit-col-width-auto-no elementor-invisible e-container e-root-container elementor-top-section e-con e-parent\" data-id=\"7b78998\" data-element_type=\"container\" data-settings=\"{&quot;animation&quot;:&quot;fadeInUp&quot;}\">\n\t\t\t\t<div class=\"elementor-element elementor-element-4f7ac52 elementor-widget elementor-widget-google_maps\" data-id=\"4f7ac52\" data-element_type=\"widget\" data-widget_type=\"google_maps.default\">\n\t\t\t\t<div class=\"elementor-widget-container\">\n\t\t\t\t\t<div class=\"elementor-custom-embed\">\n\t\t\t<iframe loading=\"lazy\"\n\t\t\t\t\tsrc=\"https:\/\/maps.google.com\/maps?q=Tuti%20Restaurant%2C%20Yoku%C5%9Fba%C5%9F%C4%B1%2C%20The%20Marmara%20Bodrum%2C%20Sulu%20Hasan%20Cd.%20No%3A18%2C%2048400%20Bodrum%2FMu%C4%9Fla&#038;t=m&#038;z=17&#038;output=embed&#038;iwloc=near\"\n\t\t\t\t\ttitle=\"Tuti Restaurant, Yoku\u015fba\u015f\u0131, The Marmara Bodrum, Sulu Hasan Cd. No:18, 48400 Bodrum\/Mu\u011fla\"\n\t\t\t\t\taria-label=\"Tuti Restaurant, Yoku\u015fba\u015f\u0131, The Marmara Bodrum, Sulu Hasan Cd. No:18, 48400 Bodrum\/Mu\u011fla\"\n\t\t\t><\/iframe>\n\t\t<\/div>\n\t\t\t\t<\/div>\n\t\t\t\t<\/div>\n\t\t\t\t<\/div>\n\t\t<div class=\"elementor-element elementor-element-8d21325 e-flex e-con-boxed lakit-col-width-auto-no e-container e-root-container elementor-top-section e-con e-parent\" data-id=\"8d21325\" data-element_type=\"container\">\n\t\t\t\t\t<div class=\"e-con-inner\">\n\t\t\t\t<div class=\"elementor-element elementor-element-5c4e3c7 elementor-widget elementor-widget-html\" data-id=\"5c4e3c7\" data-element_type=\"widget\" data-widget_type=\"html.default\">\n\t\t\t\t<div class=\"elementor-widget-container\">\n\t\t\t<style>\niframe {\n    filter: grayscale(100%);\n}\n<\/style>\t\t<\/div>\n\t\t\t\t<\/div>\n\t\t\t\t\t<\/div>\n\t\t\t\t<\/div>\n\t\t\t\t<\/div>\n\t\t","protected":false},"excerpt":{"rendered":"<p>B\u0130ZE ULA\u015eIN Yokusbasi Mah. Suluhasan Cad. No: 18, Bodrum City, T\u00fcrkiye Telefon: +90 531 724 94 24 E-Posta Adresi: tutibodrum@themarmarahotels.com \u00c7ALI\u015eMA SAATLER\u0130 19:00 \u2013 23:00 REZERVASYON +90 531 724 94 24<\/p>\n","protected":false},"author":1,"featured_media":0,"parent":0,"menu_order":0,"comment_status":"closed","ping_status":"closed","template":"elementor_header_footer","meta":{"footnotes":""},"class_list":["post-8806","page","type-page","status-publish","hentry"],"aioseo_notices":[],"_links":{"self":[{"href":"https:\/\/tutirestaurant.com\/tr\/wp-json\/wp\/v2\/pages\/8806","targetHints":{"allow":["GET"]}}],"collection":[{"href":"https:\/\/tutirestaurant.com\/tr\/wp-json\/wp\/v2\/pages"}],"about":[{"href":"https:\/\/tutirestaurant.com\/tr\/wp-json\/wp\/v2\/types\/page"}],"author":[{"embeddable":true,"href":"https:\/\/tutirestaurant.com\/tr\/wp-json\/wp\/v2\/users\/1"}],"replies":[{"embeddable":true,"href":"https:\/\/tutirestaurant.com\/tr\/wp-json\/wp\/v2\/comments?post=8806"}],"version-history":[{"count":16,"href":"https:\/\/tutirestaurant.com\/tr\/wp-json\/wp\/v2\/pages\/8806\/revisions"}],"predecessor-version":[{"id":9637,"href":"https:\/\/tutirestaurant.com\/tr\/wp-json\/wp\/v2\/pages\/8806\/revisions\/9637"}],"wp:attachment":[{"href":"https:\/\/tutirestaurant.com\/tr\/wp-json\/wp\/v2\/media?parent=8806"}],"curies":[{"name":"wp","href":"https:\/\/api.w.org\/{rel}","templated":true}]}}