{"id":8809,"date":"2024-07-02T13:57:40","date_gmt":"2024-07-02T13:57:40","guid":{"rendered":"https:\/\/tuti.studiofiftysix.co\/meet-to-chef\/"},"modified":"2024-09-19T12:32:08","modified_gmt":"2024-09-19T12:32:08","slug":"sefle-tanisin","status":"publish","type":"page","link":"https:\/\/tutirestaurant.com\/tr\/sefle-tanisin\/","title":{"rendered":"\u015eefle Tan\u0131\u015f\u0131n"},"content":{"rendered":"\t\t<div data-elementor-type=\"wp-page\" data-elementor-id=\"8809\" class=\"elementor elementor-8809 elementor-7290\">\n\t\t\t\t\t\t<section class=\"elementor-section elementor-top-section elementor-element elementor-element-aebb254 elementor-hidden-mobile_extra elementor-hidden-mobile elementor-section-boxed elementor-section-height-default elementor-section-height-default e-parent\" data-id=\"aebb254\" data-element_type=\"section\" data-settings=\"{&quot;background_background&quot;:&quot;classic&quot;}\">\n\t\t\t\t\t\t<div class=\"elementor-container elementor-column-gap-default\">\n\t\t\t\t\t<div class=\"elementor-column elementor-col-100 elementor-top-column elementor-element elementor-element-106e619 lakit-col-width-auto-no\" data-id=\"106e619\" data-element_type=\"column\">\n\t\t\t<div class=\"elementor-widget-wrap elementor-element-populated\">\n\t\t\t\t\t\t<section class=\"elementor-section elementor-inner-section elementor-element elementor-element-028f0b7 elementor-section-content-middle elementor-section-boxed elementor-section-height-default elementor-section-height-default\" data-id=\"028f0b7\" data-element_type=\"section\">\n\t\t\t\t\t\t<div class=\"elementor-container elementor-column-gap-default\">\n\t\t\t\t\t<div class=\"elementor-column elementor-col-50 elementor-inner-column elementor-element elementor-element-0dda043 lakit-col-width-auto-no\" data-id=\"0dda043\" data-element_type=\"column\">\n\t\t\t<div class=\"elementor-widget-wrap elementor-element-populated\">\n\t\t\t\t\t\t<div class=\"elementor-element elementor-element-ce28a26 elementor-widget elementor-widget-image\" data-id=\"ce28a26\" data-element_type=\"widget\" data-widget_type=\"image.default\">\n\t\t\t\t<div class=\"elementor-widget-container\">\n\t\t\t\t\t\t\t\t\t\t\t\t\t<img fetchpriority=\"high\" decoding=\"async\" width=\"1982\" height=\"2560\" src=\"https:\/\/tutirestaurant.com\/wp-content\/uploads\/2024\/07\/Hakan-Suve-1-scaled.jpg\" class=\"attachment-full size-full wp-image-8784\" alt=\"\" srcset=\"https:\/\/tutirestaurant.com\/wp-content\/uploads\/2024\/07\/Hakan-Suve-1-scaled.jpg 1982w, https:\/\/tutirestaurant.com\/wp-content\/uploads\/2024\/07\/Hakan-Suve-1-232x300.jpg 232w, https:\/\/tutirestaurant.com\/wp-content\/uploads\/2024\/07\/Hakan-Suve-1-793x1024.jpg 793w, https:\/\/tutirestaurant.com\/wp-content\/uploads\/2024\/07\/Hakan-Suve-1-768x992.jpg 768w, https:\/\/tutirestaurant.com\/wp-content\/uploads\/2024\/07\/Hakan-Suve-1-1189x1536.jpg 1189w, https:\/\/tutirestaurant.com\/wp-content\/uploads\/2024\/07\/Hakan-Suve-1-1586x2048.jpg 1586w\" sizes=\"(max-width: 1982px) 100vw, 1982px\" \/>\t\t\t\t\t\t\t\t\t\t\t\t\t<\/div>\n\t\t\t\t<\/div>\n\t\t\t\t\t<\/div>\n\t\t<\/div>\n\t\t\t\t<div class=\"elementor-column elementor-col-50 elementor-inner-column elementor-element elementor-element-4edfb85 lakit-col-width-auto-no\" data-id=\"4edfb85\" data-element_type=\"column\" data-settings=\"{&quot;background_background&quot;:&quot;classic&quot;}\">\n\t\t\t<div class=\"elementor-widget-wrap elementor-element-populated\">\n\t\t\t\t\t\t<div class=\"elementor-element elementor-element-b5cd8f2 elementor-widget elementor-widget-kababi_elementor_heading\" data-id=\"b5cd8f2\" data-element_type=\"widget\" data-widget_type=\"kababi_elementor_heading.default\">\n\t\t\t\t<div class=\"elementor-widget-container\">\n\t\t\t\t\t<div class=\"ova-heading\">\n\n\t\t\t<h2 class=\"title title-capitalize\">\n\n\t\t\t\tHakan S\u00fcve\n\t\t\t<\/h2>\n\n\t\t\t\t\t\t\n\t\t\t\t\t\t\t\t<p class=\"description\">The Marmara Bodrum Tuti Restoran&#039;da, uzman \u015feflerimizin \u00f6zenle haz\u0131rlad\u0131\u011f\u0131 Ege ve Akdeniz mutfa\u011f\u0131n\u0131n enfes lezzetlerini ke\u015ffedin. 2024 Michelin Tavsiye Listesi&#039;nde yer alan bu gastronomi harikas\u0131, teras\u0131nda sundu\u011fu muhte\u015fem manzaralar ve birinci s\u0131n\u0131f hizmetiyle misafirlerine unutulmaz bir yemek deneyimi vaat ediyor.\n\n<\/p>\n\t\t\t\t\t \t\n\t    <\/div>\n\t\t\t\t<\/div>\n\t\t\t\t<\/div>\n\t\t\t\t<div class=\"elementor-element elementor-element-a6b6a4b elementor-widget elementor-widget-kababi_elementor_heading\" data-id=\"a6b6a4b\" data-element_type=\"widget\" data-widget_type=\"kababi_elementor_heading.default\">\n\t\t\t\t<div class=\"elementor-widget-container\">\n\t\t\t\t\t<div class=\"ova-heading\">\n\n\t\t\t<h2 class=\"title title-capitalize\">\n\n\t\t\t\t\n\t\t\t<\/h2>\n\n\t\t\t\t\t\t\n\t\t\t\t\t\t\t\t<p class=\"description\">Bir Egeli olarak b\u00f6lgeyi yak\u0131ndan tan\u0131yan Hakan S\u00fcve, men\u00fclerinde mevsimsel ve yerel \u00fcr\u00fcnlere \u00f6ncelik veriyor ve do\u011fru y\u00f6ntemlerle daha fazla kaliteli \u00fcr\u00fcn\u00fcn yeti\u015ftirilebilece\u011fine inan\u0131yor. Slow Food \u00fcyesi olan S\u00fcve, yeterli \u00fcretim kapasitesine sahip olmayan yerel \u00fcreticileri ve \u00fcr\u00fcnlerini desteklemenin \u00f6nemine dikkat \u00e7ekiyor.\n\n<\/p>\n\t\t\t\t\t \t\n\t    <\/div>\n\t\t\t\t<\/div>\n\t\t\t\t<\/div>\n\t\t\t\t\t<\/div>\n\t\t<\/div>\n\t\t\t\t\t<\/div>\n\t\t<\/section>\n\t\t\t\t\t<\/div>\n\t\t<\/div>\n\t\t\t\t\t<\/div>\n\t\t<\/section>\n\t\t\t\t<section class=\"elementor-section elementor-top-section elementor-element elementor-element-a6e28c2 elementor-hidden-desktop elementor-hidden-laptop elementor-hidden-tablet elementor-section-boxed elementor-section-height-default elementor-section-height-default e-parent\" data-id=\"a6e28c2\" data-element_type=\"section\" data-settings=\"{&quot;background_background&quot;:&quot;classic&quot;}\">\n\t\t\t\t\t\t<div class=\"elementor-container elementor-column-gap-default\">\n\t\t\t\t\t<div class=\"elementor-column elementor-col-100 elementor-top-column elementor-element elementor-element-9352ea8 lakit-col-width-auto-no\" data-id=\"9352ea8\" data-element_type=\"column\">\n\t\t\t<div class=\"elementor-widget-wrap elementor-element-populated\">\n\t\t\t\t\t\t<section class=\"elementor-section elementor-inner-section elementor-element elementor-element-30214e0 elementor-section-boxed elementor-section-height-default elementor-section-height-default\" data-id=\"30214e0\" data-element_type=\"section\">\n\t\t\t\t\t\t<div class=\"elementor-container elementor-column-gap-default\">\n\t\t\t\t\t<div class=\"elementor-column elementor-col-50 elementor-inner-column elementor-element elementor-element-76b0fce lakit-col-width-auto-no\" data-id=\"76b0fce\" data-element_type=\"column\" data-settings=\"{&quot;background_background&quot;:&quot;classic&quot;}\">\n\t\t\t<div class=\"elementor-widget-wrap elementor-element-populated\">\n\t\t\t\t\t\t<div class=\"elementor-element elementor-element-51678ae elementor-widget elementor-widget-kababi_elementor_heading\" data-id=\"51678ae\" data-element_type=\"widget\" data-widget_type=\"kababi_elementor_heading.default\">\n\t\t\t\t<div class=\"elementor-widget-container\">\n\t\t\t\t\t<div class=\"ova-heading\">\n\n\t\t\t<h2 class=\"title title-capitalize\">\n\n\t\t\t\tHakan S\u00fcve\n\t\t\t<\/h2>\n\n\t\t\t\t\t\t\t\t<div class=\"bg-title\">\u015eef<\/div>\n\t\t\t\t\t\t\n\t\t\t\t\t\t\t\t<p class=\"description\">The Marmara Bodrum Tuti Restoran&#039;da, uzman \u015feflerimizin \u00f6zenle haz\u0131rlad\u0131\u011f\u0131 Ege ve Akdeniz mutfa\u011f\u0131n\u0131n enfes lezzetlerini ke\u015ffedin. 2024 Michelin Tavsiye Listesi&#039;nde yer alan bu gastronomi harikas\u0131, teras\u0131nda sundu\u011fu muhte\u015fem manzaralar ve birinci s\u0131n\u0131f hizmetiyle misafirlerine unutulmaz bir yemek deneyimi vaat ediyor.\n<\/p>\n\t\t\t\t\t \t\n\t    <\/div>\n\t\t\t\t<\/div>\n\t\t\t\t<\/div>\n\t\t\t\t<div class=\"elementor-element elementor-element-ff5063b elementor-widget elementor-widget-kababi_elementor_heading\" data-id=\"ff5063b\" data-element_type=\"widget\" data-widget_type=\"kababi_elementor_heading.default\">\n\t\t\t\t<div class=\"elementor-widget-container\">\n\t\t\t\t\t<div class=\"ova-heading\">\n\n\t\t\t<h2 class=\"title title-capitalize\">\n\n\t\t\t\t\n\t\t\t<\/h2>\n\n\t\t\t\t\t\t\n\t\t\t\t\t\t\t\t<p class=\"description\">Bir Egeli olarak b\u00f6lgeyi yak\u0131ndan tan\u0131yan Hakan S\u00fcve, men\u00fclerinde mevsimsel ve yerel \u00fcr\u00fcnlere \u00f6ncelik veriyor ve do\u011fru y\u00f6ntemlerle daha fazla kaliteli \u00fcr\u00fcn\u00fcn yeti\u015ftirilebilece\u011fine inan\u0131yor. Slow Food \u00fcyesi olan S\u00fcve, yeterli \u00fcretim kapasitesine sahip olmayan yerel \u00fcreticileri ve \u00fcr\u00fcnlerini desteklemenin \u00f6nemine dikkat \u00e7ekiyor.<\/p>\n\t\t\t\t\t \t\n\t    <\/div>\n\t\t\t\t<\/div>\n\t\t\t\t<\/div>\n\t\t\t\t\t<\/div>\n\t\t<\/div>\n\t\t\t\t<div class=\"elementor-column elementor-col-50 elementor-inner-column elementor-element elementor-element-55f991e lakit-col-width-auto-no\" data-id=\"55f991e\" data-element_type=\"column\">\n\t\t\t<div class=\"elementor-widget-wrap elementor-element-populated\">\n\t\t\t\t\t\t<div class=\"elementor-element elementor-element-5023ce6 elementor-widget elementor-widget-image\" data-id=\"5023ce6\" data-element_type=\"widget\" data-widget_type=\"image.default\">\n\t\t\t\t<div class=\"elementor-widget-container\">\n\t\t\t\t\t\t\t\t\t\t\t\t\t<img decoding=\"async\" width=\"1707\" height=\"2560\" src=\"https:\/\/tutirestaurant.com\/wp-content\/uploads\/2024\/07\/Hakan-Suve-scaled.jpg\" class=\"attachment-full size-full wp-image-8783\" alt=\"\" srcset=\"https:\/\/tutirestaurant.com\/wp-content\/uploads\/2024\/07\/Hakan-Suve-scaled.jpg 1707w, https:\/\/tutirestaurant.com\/wp-content\/uploads\/2024\/07\/Hakan-Suve-200x300.jpg 200w, https:\/\/tutirestaurant.com\/wp-content\/uploads\/2024\/07\/Hakan-Suve-683x1024.jpg 683w, https:\/\/tutirestaurant.com\/wp-content\/uploads\/2024\/07\/Hakan-Suve-768x1152.jpg 768w, https:\/\/tutirestaurant.com\/wp-content\/uploads\/2024\/07\/Hakan-Suve-1024x1536.jpg 1024w, https:\/\/tutirestaurant.com\/wp-content\/uploads\/2024\/07\/Hakan-Suve-1365x2048.jpg 1365w\" sizes=\"(max-width: 1707px) 100vw, 1707px\" \/>\t\t\t\t\t\t\t\t\t\t\t\t\t<\/div>\n\t\t\t\t<\/div>\n\t\t\t\t\t<\/div>\n\t\t<\/div>\n\t\t\t\t\t<\/div>\n\t\t<\/section>\n\t\t\t\t\t<\/div>\n\t\t<\/div>\n\t\t\t\t\t<\/div>\n\t\t<\/section>\n\t\t\t\t<\/div>\n\t\t","protected":false},"excerpt":{"rendered":"<p>Hakan S\u00fcve The Marmara Bodrum Tuti Restoran&#039;da, uzman \u015feflerimizin \u00f6zenle haz\u0131rlad\u0131\u011f\u0131 Ege ve Akdeniz mutfa\u011f\u0131n\u0131n enfes lezzetlerini ke\u015ffedin. 2024 Michelin Tavsiye Listesi&#039;nde yer alan bu gastronomi harikas\u0131, teras\u0131nda sundu\u011fu muhte\u015fem manzaralar ve birinci s\u0131n\u0131f hizmetiyle misafirlerine unutulmaz bir yemek deneyimi vaat ediyor. Bir Egeli olarak b\u00f6lgeyi yak\u0131ndan tan\u0131yan Hakan S\u00fcve, men\u00fclerinde mevsimsel ve yerel \u00fcr\u00fcnlere [&hellip;]<\/p>\n","protected":false},"author":1,"featured_media":0,"parent":0,"menu_order":0,"comment_status":"closed","ping_status":"closed","template":"elementor_header_footer","meta":{"footnotes":""},"class_list":["post-8809","page","type-page","status-publish","hentry"],"aioseo_notices":[],"_links":{"self":[{"href":"https:\/\/tutirestaurant.com\/tr\/wp-json\/wp\/v2\/pages\/8809","targetHints":{"allow":["GET"]}}],"collection":[{"href":"https:\/\/tutirestaurant.com\/tr\/wp-json\/wp\/v2\/pages"}],"about":[{"href":"https:\/\/tutirestaurant.com\/tr\/wp-json\/wp\/v2\/types\/page"}],"author":[{"embeddable":true,"href":"https:\/\/tutirestaurant.com\/tr\/wp-json\/wp\/v2\/users\/1"}],"replies":[{"embeddable":true,"href":"https:\/\/tutirestaurant.com\/tr\/wp-json\/wp\/v2\/comments?post=8809"}],"version-history":[{"count":10,"href":"https:\/\/tutirestaurant.com\/tr\/wp-json\/wp\/v2\/pages\/8809\/revisions"}],"predecessor-version":[{"id":9448,"href":"https:\/\/tutirestaurant.com\/tr\/wp-json\/wp\/v2\/pages\/8809\/revisions\/9448"}],"wp:attachment":[{"href":"https:\/\/tutirestaurant.com\/tr\/wp-json\/wp\/v2\/media?parent=8809"}],"curies":[{"name":"wp","href":"https:\/\/api.w.org\/{rel}","templated":true}]}}