{"id":8811,"date":"2024-07-31T10:43:12","date_gmt":"2024-07-31T10:43:12","guid":{"rendered":"https:\/\/tuti.studiofiftysix.co\/terms-of-use\/"},"modified":"2024-12-13T07:05:00","modified_gmt":"2024-12-13T07:05:00","slug":"sartlar-kosullar","status":"publish","type":"page","link":"https:\/\/tutirestaurant.com\/tr\/sartlar-kosullar\/","title":{"rendered":"\u015eartlar &#038; Ko\u015fullar"},"content":{"rendered":"\t\t<div data-elementor-type=\"wp-page\" data-elementor-id=\"8811\" class=\"elementor elementor-8811 elementor-8354\">\n\t\t\t\t\t\t<section class=\"elementor-section elementor-top-section elementor-element elementor-element-b5194ba elementor-section-boxed elementor-section-height-default elementor-section-height-default e-parent\" data-id=\"b5194ba\" data-element_type=\"section\" data-settings=\"{&quot;background_background&quot;:&quot;classic&quot;}\">\n\t\t\t\t\t\t<div class=\"elementor-container elementor-column-gap-default\">\n\t\t\t\t\t<div class=\"elementor-column elementor-col-100 elementor-top-column elementor-element elementor-element-ac057ef lakit-col-width-auto-no\" data-id=\"ac057ef\" data-element_type=\"column\">\n\t\t\t<div class=\"elementor-widget-wrap elementor-element-populated\">\n\t\t\t\t\t\t<section class=\"elementor-section elementor-inner-section elementor-element elementor-element-d423d19 elementor-section-content-middle elementor-section-boxed elementor-section-height-default elementor-section-height-default\" data-id=\"d423d19\" data-element_type=\"section\">\n\t\t\t\t\t\t<div class=\"elementor-container elementor-column-gap-default\">\n\t\t\t\t\t<div class=\"elementor-column elementor-col-100 elementor-inner-column elementor-element elementor-element-09e3e3b lakit-col-width-auto-no\" data-id=\"09e3e3b\" data-element_type=\"column\" data-settings=\"{&quot;background_background&quot;:&quot;classic&quot;}\">\n\t\t\t<div class=\"elementor-widget-wrap elementor-element-populated\">\n\t\t\t\t\t\t<div class=\"elementor-element elementor-element-0ad285f elementor-widget elementor-widget-text-editor\" data-id=\"0ad285f\" data-element_type=\"widget\" data-widget_type=\"text-editor.default\">\n\t\t\t\t<div class=\"elementor-widget-container\">\n\t\t\t\t\t\t\t<div class=\"elementor-element elementor-element-14841aea elementor-widget elementor-widget-heading\" data-id=\"14841aea\" data-element_type=\"widget\" data-widget_type=\"heading.default\"><div class=\"elementor-widget-container\"><h3>1) Kullan\u0131m Ko\u015fullar\u0131<\/h3><p>1.1. Tuti web sitesini kullanarak, a\u015fa\u011f\u0131daki kullan\u0131m ko\u015fullar\u0131na uymay\u0131 kabul etmi\u015f olursunuz.<\/p><p>1.2. Bu siteyi kullanarak, ge\u00e7erli yerel yasalara ve d\u00fczenlemelere uymay\u0131 taahh\u00fct edersiniz.<\/p><h3>2) \u0130\u00e7erik ve Telif Haklar\u0131<\/h3><p>2.1. Bu web sitesindeki t\u00fcm i\u00e7erik (metin, g\u00f6rseller, videolar, grafikler vb.) Tuti Restaurant&#8217;a aittir ve telif hakk\u0131 ile korunmaktad\u0131r.<\/p><p>2.2. Herhangi bir i\u00e7eri\u011fin izinsiz \u00e7o\u011falt\u0131lmas\u0131, da\u011f\u0131t\u0131lmas\u0131 veya kullan\u0131lmas\u0131 yasakt\u0131r.<\/p><h3>3) Gizlilik ve G\u00fcvenlik<\/h3><p>3.1. Ki\u015fisel bilgilerinizi payla\u015farak, Gizlilik Politikam\u0131za uygun hareket etmeyi kabul etmi\u015f olursunuz.<\/p><p>3.2. Kullan\u0131c\u0131 ad\u0131 ve \u015fifrenizin g\u00fcvenli\u011finden siz sorumlusunuz. \u015eifrenizi ba\u015fkalar\u0131yla payla\u015fmaktan ka\u00e7\u0131n\u0131n.<\/p><h3>4) Ba\u011flant\u0131lar<\/h3><p>4.1. Tuti Restaurant, di\u011fer web sitelerine verdi\u011fi ba\u011flant\u0131lardan sorumlu de\u011fildir. Bu ba\u011flant\u0131lar\u0131 kullanma riski size aittir.<\/p><p>4.2. Di\u011fer web sitelerindeki i\u00e7erik ve politikalar\u0131 kontrol etmek sizin sorumlulu\u011funuzdad\u0131r.<\/p><h3>5) De\u011fi\u015fiklikler<\/h3><p>5.1. Tuti Restaurant, kullan\u0131m ko\u015fullar\u0131n\u0131 \u00f6nceden bildirimde bulunmaks\u0131z\u0131n de\u011fi\u015ftirme hakk\u0131n\u0131 sakl\u0131 tutar. De\u011fi\u015fiklikler, web sitesinde yay\u0131nland\u0131\u011f\u0131 anda y\u00fcr\u00fcrl\u00fc\u011fe girer.<\/p><h3>6) \u0130leti\u015fim<\/h3><p>6.1. Herhangi bir sorunuz, \u00f6neriniz veya \u015fikayetiniz varsa, l\u00fctfen info@tutirestaurant.com adresinden bizimle ileti\u015fime ge\u00e7in.<\/p><p>Te\u015fekk\u00fcr ederiz!<\/p><p>Tuti Restaurant<\/p><\/div><\/div>\t\t\t\t\t\t<\/div>\n\t\t\t\t<\/div>\n\t\t\t\t\t<\/div>\n\t\t<\/div>\n\t\t\t\t\t<\/div>\n\t\t<\/section>\n\t\t\t\t\t<\/div>\n\t\t<\/div>\n\t\t\t\t\t<\/div>\n\t\t<\/section>\n\t\t\t\t<\/div>\n\t\t","protected":false},"excerpt":{"rendered":"<p>1) Kullan\u0131m Ko\u015fullar\u0131 1.1. Tuti web sitesini kullanarak, a\u015fa\u011f\u0131daki kullan\u0131m ko\u015fullar\u0131na uymay\u0131 kabul etmi\u015f olursunuz. 1.2. Bu siteyi kullanarak, ge\u00e7erli yerel yasalara ve d\u00fczenlemelere uymay\u0131 taahh\u00fct edersiniz. 2) \u0130\u00e7erik ve Telif Haklar\u0131 2.1. Bu web sitesindeki t\u00fcm i\u00e7erik (metin, g\u00f6rseller, videolar, grafikler vb.) Tuti Restaurant&#8217;a aittir ve telif hakk\u0131 ile korunmaktad\u0131r. 2.2. Herhangi bir i\u00e7eri\u011fin [&hellip;]<\/p>\n","protected":false},"author":1,"featured_media":0,"parent":0,"menu_order":0,"comment_status":"closed","ping_status":"closed","template":"elementor_header_footer","meta":{"footnotes":""},"class_list":["post-8811","page","type-page","status-publish","hentry"],"aioseo_notices":[],"_links":{"self":[{"href":"https:\/\/tutirestaurant.com\/tr\/wp-json\/wp\/v2\/pages\/8811","targetHints":{"allow":["GET"]}}],"collection":[{"href":"https:\/\/tutirestaurant.com\/tr\/wp-json\/wp\/v2\/pages"}],"about":[{"href":"https:\/\/tutirestaurant.com\/tr\/wp-json\/wp\/v2\/types\/page"}],"author":[{"embeddable":true,"href":"https:\/\/tutirestaurant.com\/tr\/wp-json\/wp\/v2\/users\/1"}],"replies":[{"embeddable":true,"href":"https:\/\/tutirestaurant.com\/tr\/wp-json\/wp\/v2\/comments?post=8811"}],"version-history":[{"count":7,"href":"https:\/\/tutirestaurant.com\/tr\/wp-json\/wp\/v2\/pages\/8811\/revisions"}],"predecessor-version":[{"id":9605,"href":"https:\/\/tutirestaurant.com\/tr\/wp-json\/wp\/v2\/pages\/8811\/revisions\/9605"}],"wp:attachment":[{"href":"https:\/\/tutirestaurant.com\/tr\/wp-json\/wp\/v2\/media?parent=8811"}],"curies":[{"name":"wp","href":"https:\/\/api.w.org\/{rel}","templated":true}]}}