{"id":8812,"date":"2021-09-01T08:29:45","date_gmt":"2021-09-01T08:29:45","guid":{"rendered":"https:\/\/tuti.studiofiftysix.co\/menu\/"},"modified":"2024-09-19T12:30:11","modified_gmt":"2024-09-19T12:30:11","slug":"menu","status":"publish","type":"page","link":"https:\/\/tutirestaurant.com\/tr\/menu\/","title":{"rendered":"Men\u00fc"},"content":{"rendered":"\t\t<div data-elementor-type=\"wp-page\" data-elementor-id=\"8812\" class=\"elementor elementor-8812 elementor-3630\">\n\t\t\t\t<div class=\"elementor-element elementor-element-16cdd31 e-flex e-con-boxed lakit-col-width-auto-no e-container e-root-container elementor-top-section e-con e-parent\" data-id=\"16cdd31\" data-element_type=\"container\" data-settings=\"{&quot;background_background&quot;:&quot;classic&quot;}\">\n\t\t\t\t\t<div class=\"e-con-inner\">\n\t\t\t\t<div class=\"elementor-element elementor-element-bd1d829 accordion-close-all elementor-widget elementor-widget-accordion\" data-id=\"bd1d829\" data-element_type=\"widget\" data-widget_type=\"accordion.default\">\n\t\t\t\t<div class=\"elementor-widget-container\">\n\t\t\t\t\t<div class=\"elementor-accordion\">\n\t\t\t\t\t\t\t<div class=\"elementor-accordion-item\">\n\t\t\t\t\t<div id=\"elementor-tab-title-1981\" class=\"elementor-tab-title\" data-tab=\"1\" role=\"button\" aria-controls=\"elementor-tab-content-1981\" aria-expanded=\"false\">\n\t\t\t\t\t\t\t\t\t\t\t\t\t<span class=\"elementor-accordion-icon elementor-accordion-icon-right\" aria-hidden=\"true\">\n\t\t\t\t\t\t\t\t\t\t\t\t\t\t\t<span class=\"elementor-accordion-icon-closed\"><svg xmlns=\"http:\/\/www.w3.org\/2000\/svg\" width=\"1024\" height=\"1024\" viewBox=\"0 0 1024 1024\" class=\"lakit-font-icon-svg\"><use xlink:href=\"#dlicon___ui_1_simple_add\"><\/use><\/svg><\/span>\n\t\t\t\t\t\t\t\t<span class=\"elementor-accordion-icon-opened\"><svg xmlns=\"http:\/\/www.w3.org\/2000\/svg\" width=\"1024\" height=\"1024\" viewBox=\"0 0 1024 1024\" class=\"lakit-font-icon-svg\"><use xlink:href=\"#dlicon___ui_1_simple_delete\"><\/use><\/svg><\/span>\n\t\t\t\t\t\t\t\t\t\t\t\t\t\t<\/span>\n\t\t\t\t\t\t\t\t\t\t\t\t<a class=\"elementor-accordion-title\" tabindex=\"0\">Ba\u015flang\u0131\u00e7lar<\/a>\n\t\t\t\t\t<\/div>\n\t\t\t\t\t<div id=\"elementor-tab-content-1981\" class=\"elementor-tab-content elementor-clearfix\" data-tab=\"1\" role=\"region\" aria-labelledby=\"elementor-tab-title-1981\"><p id=\"menu-name\">G\u00fcm\u00fc\u015fl\u00fck Ahtapaot Lokumu, Kurutulmu\u015f Dalyan Kefal Yumurtas\u0131, Lime Labne<\/p><p id=\"menu-name\">Mavi Kuyruk Karides, Izgara \u015eeftali, \u0130\u00e7 Bakla, Bamya Tur\u015fusu, So\u011fuk M\u00fcrd\u00fcm Erik \u00c7orbas\u0131<\/p><p id=\"menu-name\">Bodrum Otlar\u0131 M\u00fccveri, Tarhanal\u0131 Kese Yo\u011furdu, Susaml\u0131 Bu\u011fday K\u0131t\u0131r\u0131<\/p><p id=\"menu-name\">\u0130zmir Sak\u0131z Enginar\u0131, Avokado, Divle Obruk Peyniri, Reyhan, \u00c7ilek Kremas\u0131<\/p><p id=\"menu-name\">A\u011f\u0131r Ate\u015fte Pi\u015firilmi\u015f Pancar, B\u00fc\u015f Peyniri, Fethiye Kaya \u0130nciri, Salatal\u0131k Tur\u015fusu, Kavrulmu\u015f F\u0131nd\u0131k<\/p><p id=\"menu-name\">Peynir Taba\u011f\u0131; Kozlu Perisi, Kars Gravyeri, A\u011fmat\u00e7a Peyniri, Mavi K\u00fcfl\u00fc Peynir,Yulafl\u0131 Bar, Tuzlu Kraker<\/p><\/div>\n\t\t\t\t<\/div>\n\t\t\t\t\t\t\t<div class=\"elementor-accordion-item\">\n\t\t\t\t\t<div id=\"elementor-tab-title-1982\" class=\"elementor-tab-title\" data-tab=\"2\" role=\"button\" aria-controls=\"elementor-tab-content-1982\" aria-expanded=\"false\">\n\t\t\t\t\t\t\t\t\t\t\t\t\t<span class=\"elementor-accordion-icon elementor-accordion-icon-right\" aria-hidden=\"true\">\n\t\t\t\t\t\t\t\t\t\t\t\t\t\t\t<span class=\"elementor-accordion-icon-closed\"><svg xmlns=\"http:\/\/www.w3.org\/2000\/svg\" width=\"1024\" height=\"1024\" viewBox=\"0 0 1024 1024\" class=\"lakit-font-icon-svg\"><use xlink:href=\"#dlicon___ui_1_simple_add\"><\/use><\/svg><\/span>\n\t\t\t\t\t\t\t\t<span class=\"elementor-accordion-icon-opened\"><svg xmlns=\"http:\/\/www.w3.org\/2000\/svg\" width=\"1024\" height=\"1024\" viewBox=\"0 0 1024 1024\" class=\"lakit-font-icon-svg\"><use xlink:href=\"#dlicon___ui_1_simple_delete\"><\/use><\/svg><\/span>\n\t\t\t\t\t\t\t\t\t\t\t\t\t\t<\/span>\n\t\t\t\t\t\t\t\t\t\t\t\t<a class=\"elementor-accordion-title\" tabindex=\"0\">Salatalar<\/a>\n\t\t\t\t\t<\/div>\n\t\t\t\t\t<div id=\"elementor-tab-content-1982\" class=\"elementor-tab-content elementor-clearfix\" data-tab=\"2\" role=\"region\" aria-labelledby=\"elementor-tab-title-1982\"><p id=\"menu-name\">Yazl\u0131k, Ye\u015fil Faulye, Mini Kabak, Bezelye, M\u0131s\u0131r Ko\u00e7an\u0131, Beluga Mercime\u011fi, Ev Yap\u0131m\u0131 S\u00fczme Peynir<\/p><p id=\"menu-name\">Semizotu Salatas\u0131, Bezelye Kremas\u0131, Ku\u015fkonmaz, Karadut Sorbe, Narenciye Sosu<\/p><p id=\"menu-name\">Bodrum Salatas\u0131,Tarla Domatesi, Bodrum Gemici Peksimeti, \u00dc\u00e7 Burun Biber, Salatal\u0131k, \u00c7eki\u015fte Zeytini, K\u00f6y Peyniri, Fesle\u011fen, So\u011fuk S\u0131k\u0131m Zeytinya\u011f\u0131<\/p><\/div>\n\t\t\t\t<\/div>\n\t\t\t\t\t\t\t<div class=\"elementor-accordion-item\">\n\t\t\t\t\t<div id=\"elementor-tab-title-1983\" class=\"elementor-tab-title\" data-tab=\"3\" role=\"button\" aria-controls=\"elementor-tab-content-1983\" aria-expanded=\"false\">\n\t\t\t\t\t\t\t\t\t\t\t\t\t<span class=\"elementor-accordion-icon elementor-accordion-icon-right\" aria-hidden=\"true\">\n\t\t\t\t\t\t\t\t\t\t\t\t\t\t\t<span class=\"elementor-accordion-icon-closed\"><svg xmlns=\"http:\/\/www.w3.org\/2000\/svg\" width=\"1024\" height=\"1024\" viewBox=\"0 0 1024 1024\" class=\"lakit-font-icon-svg\"><use xlink:href=\"#dlicon___ui_1_simple_add\"><\/use><\/svg><\/span>\n\t\t\t\t\t\t\t\t<span class=\"elementor-accordion-icon-opened\"><svg xmlns=\"http:\/\/www.w3.org\/2000\/svg\" width=\"1024\" height=\"1024\" viewBox=\"0 0 1024 1024\" class=\"lakit-font-icon-svg\"><use xlink:href=\"#dlicon___ui_1_simple_delete\"><\/use><\/svg><\/span>\n\t\t\t\t\t\t\t\t\t\t\t\t\t\t<\/span>\n\t\t\t\t\t\t\t\t\t\t\t\t<a class=\"elementor-accordion-title\" tabindex=\"0\">Ara S\u0131caklar<\/a>\n\t\t\t\t\t<\/div>\n\t\t\t\t\t<div id=\"elementor-tab-content-1983\" class=\"elementor-tab-content elementor-clearfix\" data-tab=\"3\" role=\"region\" aria-labelledby=\"elementor-tab-title-1983\"><p id=\"menu-name\">Ege Otlar\u0131 Lokmas\u0131, Sar\u0131msakl\u0131 Mayonez, Mikro Filiz<\/p><p id=\"menu-name\">B\u00f6rek Be\u011fendi, Patl\u0131can S\u00f6\u011f\u00fcrme, Dana K\u0131yma, \u00dcz\u00fcm Pekmezi, G\u00f6kova Susam\u0131<\/p><p id=\"menu-name\">Da\u011flanm\u0131\u015f Ahtapot, K\u0131rm\u0131z\u0131 Biber \u00c7entmesi, Patates Katmer<\/p><p id=\"menu-name\">Milas Eri\u015fte, Arapsa\u00e7\u0131, Bergama Tulum Peyniri, K\u0131y\u0131lm\u0131\u015f Ceviz<\/p><p id=\"menu-name\">Etli Paz\u0131 Sarma, Tereya\u011fl\u0131 Ada\u00e7ay\u0131 Sosu, Sar\u0131msakl\u0131 Kese Yo\u011furdu<\/p><\/div>\n\t\t\t\t<\/div>\n\t\t\t\t\t\t\t<div class=\"elementor-accordion-item\">\n\t\t\t\t\t<div id=\"elementor-tab-title-1984\" class=\"elementor-tab-title\" data-tab=\"4\" role=\"button\" aria-controls=\"elementor-tab-content-1984\" aria-expanded=\"false\">\n\t\t\t\t\t\t\t\t\t\t\t\t\t<span class=\"elementor-accordion-icon elementor-accordion-icon-right\" aria-hidden=\"true\">\n\t\t\t\t\t\t\t\t\t\t\t\t\t\t\t<span class=\"elementor-accordion-icon-closed\"><svg xmlns=\"http:\/\/www.w3.org\/2000\/svg\" width=\"1024\" height=\"1024\" viewBox=\"0 0 1024 1024\" class=\"lakit-font-icon-svg\"><use xlink:href=\"#dlicon___ui_1_simple_add\"><\/use><\/svg><\/span>\n\t\t\t\t\t\t\t\t<span class=\"elementor-accordion-icon-opened\"><svg xmlns=\"http:\/\/www.w3.org\/2000\/svg\" width=\"1024\" height=\"1024\" viewBox=\"0 0 1024 1024\" class=\"lakit-font-icon-svg\"><use xlink:href=\"#dlicon___ui_1_simple_delete\"><\/use><\/svg><\/span>\n\t\t\t\t\t\t\t\t\t\t\t\t\t\t<\/span>\n\t\t\t\t\t\t\t\t\t\t\t\t<a class=\"elementor-accordion-title\" tabindex=\"0\">Ana Yemekler<\/a>\n\t\t\t\t\t<\/div>\n\t\t\t\t\t<div id=\"elementor-tab-content-1984\" class=\"elementor-tab-content elementor-clearfix\" data-tab=\"4\" role=\"region\" aria-labelledby=\"elementor-tab-title-1984\"><p id=\"menu-name\">Alazlanm\u0131\u015f Kaya Levre\u011fi, Tane Hardall\u0131 F\u0131r\u0131nlanm\u0131\u015f Patates, Tereya\u011fl\u0131 Kaparili Limon Sos<\/p><p id=\"menu-name\">Bodrum \u00c7\u00f6kertme Kebab\u0131, \u00c7\u0131t\u0131r Patates, Sote Bonfile Par\u00e7alar\u0131, Sar\u0131msakl\u0131 Kese Yo\u011furdu<\/p><p id=\"menu-name\">\u015ei\u015f K\u00f6fte, T\u0131rnakl\u0131 Pide, Sumakl\u0131 Domates Salatas\u0131<\/p><p id=\"menu-name\">Konfi Tavuk, Patates Graten, Zeytin Salatas\u0131, Gravy Sos<\/p><p id=\"menu-name\">Izgara Niga Karides, Sak\u0131z Kabak Spagetti, Kabak \u00c7ekirde\u011fi<\/p><p id=\"menu-name\">Kalamar Dolma, Ebe G\u00fcmeci ve Is\u0131rgan Otu, Deniz \u00dcr\u00fcnleri, Bodrum Gambilya Baklas\u0131, M\u00fcrekkep Sosu<\/p><p id=\"menu-name\">Izgara Dana Bonfile, \u0130stiridye Mantar\u0131 Kokore\u00e7, F\u00fcme Peynirli Patates Kremas\u0131, \u00c7ektirilmi\u015f Dana \u00d6z Suyu<\/p><p id=\"menu-name\">Kuzu Kol Tand\u0131r, Ege Otlu \u0130\u00e7 Pilav, Naneli Kuzu Kemik Sos, \u00c7\u0131t\u0131r So\u011fan<\/p><p id=\"menu-name\">K\u00f6zlenmi\u015f F\u0131r\u0131n Patl\u0131can, Kuru Domates, Ye\u015fil K\u0131rma Zeytin, \u00c7iftlik Peyniri, K\u0131rm\u0131z\u0131 Biber P\u00fcresi<\/p><p id=\"menu-name\">Etli K\u0131t\u0131r Mant\u0131, Sar\u0131msakl\u0131 Kese Yo\u011furdu, K\u0131rm\u0131z\u0131 Biber Ya\u011f\u0131<\/p><\/div>\n\t\t\t\t<\/div>\n\t\t\t\t\t\t\t<div class=\"elementor-accordion-item\">\n\t\t\t\t\t<div id=\"elementor-tab-title-1985\" class=\"elementor-tab-title\" data-tab=\"5\" role=\"button\" aria-controls=\"elementor-tab-content-1985\" aria-expanded=\"false\">\n\t\t\t\t\t\t\t\t\t\t\t\t\t<span class=\"elementor-accordion-icon elementor-accordion-icon-right\" aria-hidden=\"true\">\n\t\t\t\t\t\t\t\t\t\t\t\t\t\t\t<span class=\"elementor-accordion-icon-closed\"><svg xmlns=\"http:\/\/www.w3.org\/2000\/svg\" width=\"1024\" height=\"1024\" viewBox=\"0 0 1024 1024\" class=\"lakit-font-icon-svg\"><use xlink:href=\"#dlicon___ui_1_simple_add\"><\/use><\/svg><\/span>\n\t\t\t\t\t\t\t\t<span class=\"elementor-accordion-icon-opened\"><svg xmlns=\"http:\/\/www.w3.org\/2000\/svg\" width=\"1024\" height=\"1024\" viewBox=\"0 0 1024 1024\" class=\"lakit-font-icon-svg\"><use xlink:href=\"#dlicon___ui_1_simple_delete\"><\/use><\/svg><\/span>\n\t\t\t\t\t\t\t\t\t\t\t\t\t\t<\/span>\n\t\t\t\t\t\t\t\t\t\t\t\t<a class=\"elementor-accordion-title\" tabindex=\"0\">Tatl\u0131lar<\/a>\n\t\t\t\t\t<\/div>\n\t\t\t\t\t<div id=\"elementor-tab-content-1985\" class=\"elementor-tab-content elementor-clearfix\" data-tab=\"5\" role=\"region\" aria-labelledby=\"elementor-tab-title-1985\"><p id=\"menu-name\">F\u0131st\u0131kl\u0131 \u0130rmik Tatl\u0131s\u0131, \u00c7\u0131t\u0131r \u0130nce Yufka Katlar\u0131, Orman Meyveleri<\/p><p id=\"menu-name\">Vanilyal\u0131 Armut Tatl\u0131s\u0131, Hibiskus \u00c7i\u00e7e\u011fi \u015eerbeti, Limon Mereng, \u00c7ikolata \u00c7ubu\u011fu<\/p><p id=\"menu-name\">Ceviz S\u00fcrtmesi Kazandibi<\/p><p id=\"menu-name\">\u00c7ikolata ve Karadut Mus, Bisk\u00fcvi<\/p><p id=\"menu-name\">Tahinli Muhallebi, Kaday\u0131f, Ayd\u0131n At\u00e7a \u00c7ile\u011fi<\/p><p id=\"menu-name\">Mevsim Meyveleri<\/p><\/div>\n\t\t\t\t<\/div>\n\t\t\t\t\t\t\t<div class=\"elementor-accordion-item\">\n\t\t\t\t\t<div id=\"elementor-tab-title-1986\" class=\"elementor-tab-title\" data-tab=\"6\" role=\"button\" aria-controls=\"elementor-tab-content-1986\" aria-expanded=\"false\">\n\t\t\t\t\t\t\t\t\t\t\t\t\t<span class=\"elementor-accordion-icon elementor-accordion-icon-right\" aria-hidden=\"true\">\n\t\t\t\t\t\t\t\t\t\t\t\t\t\t\t<span class=\"elementor-accordion-icon-closed\"><svg xmlns=\"http:\/\/www.w3.org\/2000\/svg\" width=\"1024\" height=\"1024\" viewBox=\"0 0 1024 1024\" class=\"lakit-font-icon-svg\"><use xlink:href=\"#dlicon___ui_1_simple_add\"><\/use><\/svg><\/span>\n\t\t\t\t\t\t\t\t<span class=\"elementor-accordion-icon-opened\"><svg xmlns=\"http:\/\/www.w3.org\/2000\/svg\" width=\"1024\" height=\"1024\" viewBox=\"0 0 1024 1024\" class=\"lakit-font-icon-svg\"><use xlink:href=\"#dlicon___ui_1_simple_delete\"><\/use><\/svg><\/span>\n\t\t\t\t\t\t\t\t\t\t\t\t\t\t<\/span>\n\t\t\t\t\t\t\t\t\t\t\t\t<a class=\"elementor-accordion-title\" tabindex=\"0\">Dondurmalar ve Sorbeler<\/a>\n\t\t\t\t\t<\/div>\n\t\t\t\t\t<div id=\"elementor-tab-content-1986\" class=\"elementor-tab-content elementor-clearfix\" data-tab=\"6\" role=\"region\" aria-labelledby=\"elementor-tab-title-1986\"><p id=\"menu-name\">Dondurmalar; \u00c7ikolata -Vanilya &#8211; Manda S\u00fct\u00fc Dondurmas\u0131 -\u00c7ilek &#8211; Bal Badem &#8211; Tuzlu Karamel (1 Top)<\/p><p id=\"menu-name\">Bodrum Mandalina Sorbe<\/p><p id=\"menu-name\">Tuti Limon ve Nane Sorbe<\/p><p id=\"menu-name\">Karadut ve Reyhan Sorbe Basil Sorbe<\/p><\/div>\n\t\t\t\t<\/div>\n\t\t\t\t\t\t\t\t<\/div>\n\t\t\t\t<\/div>\n\t\t\t\t<\/div>\n\t\t\t\t\t<\/div>\n\t\t\t\t<\/div>\n\t\t\t\t<\/div>\n\t\t","protected":false},"excerpt":{"rendered":"<p>Ba\u015flang\u0131\u00e7lar G\u00fcm\u00fc\u015fl\u00fck Ahtapaot Lokumu, Kurutulmu\u015f Dalyan Kefal Yumurtas\u0131, Lime Labne Mavi Kuyruk Karides, Izgara \u015eeftali, \u0130\u00e7 Bakla, Bamya Tur\u015fusu, So\u011fuk M\u00fcrd\u00fcm Erik \u00c7orbas\u0131 Bodrum Otlar\u0131 M\u00fccveri, Tarhanal\u0131 Kese Yo\u011furdu, Susaml\u0131 Bu\u011fday K\u0131t\u0131r\u0131 \u0130zmir Sak\u0131z Enginar\u0131, Avokado, Divle Obruk Peyniri, Reyhan, \u00c7ilek Kremas\u0131 A\u011f\u0131r Ate\u015fte Pi\u015firilmi\u015f Pancar, B\u00fc\u015f Peyniri, Fethiye Kaya \u0130nciri, Salatal\u0131k Tur\u015fusu, Kavrulmu\u015f F\u0131nd\u0131k [&hellip;]<\/p>\n","protected":false},"author":1,"featured_media":0,"parent":0,"menu_order":0,"comment_status":"closed","ping_status":"closed","template":"elementor_header_footer","meta":{"footnotes":""},"class_list":["post-8812","page","type-page","status-publish","hentry"],"aioseo_notices":[],"_links":{"self":[{"href":"https:\/\/tutirestaurant.com\/tr\/wp-json\/wp\/v2\/pages\/8812","targetHints":{"allow":["GET"]}}],"collection":[{"href":"https:\/\/tutirestaurant.com\/tr\/wp-json\/wp\/v2\/pages"}],"about":[{"href":"https:\/\/tutirestaurant.com\/tr\/wp-json\/wp\/v2\/types\/page"}],"author":[{"embeddable":true,"href":"https:\/\/tutirestaurant.com\/tr\/wp-json\/wp\/v2\/users\/1"}],"replies":[{"embeddable":true,"href":"https:\/\/tutirestaurant.com\/tr\/wp-json\/wp\/v2\/comments?post=8812"}],"version-history":[{"count":7,"href":"https:\/\/tutirestaurant.com\/tr\/wp-json\/wp\/v2\/pages\/8812\/revisions"}],"predecessor-version":[{"id":9445,"href":"https:\/\/tutirestaurant.com\/tr\/wp-json\/wp\/v2\/pages\/8812\/revisions\/9445"}],"wp:attachment":[{"href":"https:\/\/tutirestaurant.com\/tr\/wp-json\/wp\/v2\/media?parent=8812"}],"curies":[{"name":"wp","href":"https:\/\/api.w.org\/{rel}","templated":true}]}}